{"id":51,"date":"2023-06-29T09:35:45","date_gmt":"2023-06-29T07:35:45","guid":{"rendered":"http:\/\/lulyetjonshooting.com\/?page_id=51"},"modified":"2025-10-30T13:58:53","modified_gmt":"2025-10-30T12:58:53","slug":"home","status":"publish","type":"page","link":"https:\/\/lulyetjonshooting.com\/","title":{"rendered":"Home"},"content":{"rendered":"\t\t<div data-elementor-type=\"wp-page\" data-elementor-id=\"51\" class=\"elementor elementor-51\">\n\t\t\t\t<div class=\"elementor-element elementor-element-25efb7c6 e-flex e-con-boxed e-con e-parent\" data-id=\"25efb7c6\" data-element_type=\"container\">\n\t\t\t\t\t<div class=\"e-con-inner\">\n\t\t\t\t<div class=\"elementor-element elementor-element-71eaca50 elementor-widget elementor-widget-text-editor\" data-id=\"71eaca50\" data-element_type=\"widget\" data-widget_type=\"text-editor.default\">\n\t\t\t\t\t\t\t\t\t\n<p class=\"has-text-align-left has-text-color has-medium-font-size\" style=\"color: #ff2f92;\"><mark class=\"has-inline-color has-pale-pink-color\" style=\"background-color: rgba(0, 0, 0, 0);\"><strong>Shooting boudoir, kinky et bdsm<\/strong> <\/mark><\/p>\n\n<ul class=\"wp-block-list\">\n<li style=\"font-size: 14px; font-style: normal; font-weight: 500;\">Shooting pro pour les couples, trouples, quelque soit votre genre, votre physique et vos pratiques. Chez nous dans notre donjon\/studio ou ailleurs selon vos envies.<\/li>\n\n<li><a href=\"https:\/\/lulyetjonshooting.com\/index.php\/gallery\/portraits\/\">VOIR NOS IMAGES<\/a><\/li>\n\n<li style=\"font-size: 14px; font-style: normal; font-weight: 500;\">Pour<span style=\"text-decoration: underline;\"> les pratiquants SM<\/span>, on organise des play and shoot pour le plaisir du partage de nos passions, aucun frais sauf d\u00e9placement. Notre studio est aussi <a href=\"https:\/\/lulyetjonshooting.com\/index.php\/notre-studio-donjon\/\">notre donjon<\/a> enti\u00e8rement \u00e9quip\u00e9, envoyer nous un<a href=\"mailto:jon@lulyetjonshooting.com\"> e-mail<\/a> pour <a href=\"https:\/\/lulyetjonshooting.com\/index.php\/notre-studio-donjon\/\">plus d&rsquo;info<\/a> sur la location (demi journ\u00e9e\/journ\u00e9e\/week-end avec chambres sur place). Nous avons un profil <a href=\"https:\/\/fetlife.com\/Donjon_dlPrairie\">fetlife.<\/a><\/li>\n\n<li style=\"font-size: 14px; font-style: normal; font-weight: 500;\">Pour les <span style=\"text-decoration: underline;\">cr\u00e9ateurs et les artisans<\/span>, nous proposons la direction artistique, la production et la post production de fa\u00e7on professionnelle. Catalogue\/PLV\/Annonce.<\/li>\n<\/ul>\n\n<p class=\"is-layout-flex wp-block-social-links-is-layout-flex\">\u00a0<\/p>\n\n<ul class=\"wp-block-social-links is-layout-flex wp-block-social-links-is-layout-flex\"><li class=\"wp-social-link wp-social-link-instagram  wp-block-social-link\"><a href=\"http:\/\/www.instagram.com\/lulyetjon_shooting\" class=\"wp-block-social-link-anchor\"><svg width=\"24\" height=\"24\" viewBox=\"0 0 24 24\" version=\"1.1\" xmlns=\"http:\/\/www.w3.org\/2000\/svg\" aria-hidden=\"true\" focusable=\"false\"><path d=\"M12,4.622c2.403,0,2.688,0.009,3.637,0.052c0.877,0.04,1.354,0.187,1.671,0.31c0.42,0.163,0.72,0.358,1.035,0.673 c0.315,0.315,0.51,0.615,0.673,1.035c0.123,0.317,0.27,0.794,0.31,1.671c0.043,0.949,0.052,1.234,0.052,3.637 s-0.009,2.688-0.052,3.637c-0.04,0.877-0.187,1.354-0.31,1.671c-0.163,0.42-0.358,0.72-0.673,1.035 c-0.315,0.315-0.615,0.51-1.035,0.673c-0.317,0.123-0.794,0.27-1.671,0.31c-0.949,0.043-1.233,0.052-3.637,0.052 s-2.688-0.009-3.637-0.052c-0.877-0.04-1.354-0.187-1.671-0.31c-0.42-0.163-0.72-0.358-1.035-0.673 c-0.315-0.315-0.51-0.615-0.673-1.035c-0.123-0.317-0.27-0.794-0.31-1.671C4.631,14.688,4.622,14.403,4.622,12 s0.009-2.688,0.052-3.637c0.04-0.877,0.187-1.354,0.31-1.671c0.163-0.42,0.358-0.72,0.673-1.035 c0.315-0.315,0.615-0.51,1.035-0.673c0.317-0.123,0.794-0.27,1.671-0.31C9.312,4.631,9.597,4.622,12,4.622 M12,3 C9.556,3,9.249,3.01,8.289,3.054C7.331,3.098,6.677,3.25,6.105,3.472C5.513,3.702,5.011,4.01,4.511,4.511 c-0.5,0.5-0.808,1.002-1.038,1.594C3.25,6.677,3.098,7.331,3.054,8.289C3.01,9.249,3,9.556,3,12c0,2.444,0.01,2.751,0.054,3.711 c0.044,0.958,0.196,1.612,0.418,2.185c0.23,0.592,0.538,1.094,1.038,1.594c0.5,0.5,1.002,0.808,1.594,1.038 c0.572,0.222,1.227,0.375,2.185,0.418C9.249,20.99,9.556,21,12,21s2.751-0.01,3.711-0.054c0.958-0.044,1.612-0.196,2.185-0.418 c0.592-0.23,1.094-0.538,1.594-1.038c0.5-0.5,0.808-1.002,1.038-1.594c0.222-0.572,0.375-1.227,0.418-2.185 C20.99,14.751,21,14.444,21,12s-0.01-2.751-0.054-3.711c-0.044-0.958-0.196-1.612-0.418-2.185c-0.23-0.592-0.538-1.094-1.038-1.594 c-0.5-0.5-1.002-0.808-1.594-1.038c-0.572-0.222-1.227-0.375-2.185-0.418C14.751,3.01,14.444,3,12,3L12,3z M12,7.378 c-2.552,0-4.622,2.069-4.622,4.622S9.448,16.622,12,16.622s4.622-2.069,4.622-4.622S14.552,7.378,12,7.378z M12,15 c-1.657,0-3-1.343-3-3s1.343-3,3-3s3,1.343,3,3S13.657,15,12,15z M16.804,6.116c-0.596,0-1.08,0.484-1.08,1.08 s0.484,1.08,1.08,1.08c0.596,0,1.08-0.484,1.08-1.08S17.401,6.116,16.804,6.116z\"><\/path><\/svg><span class=\"wp-block-social-link-label screen-reader-text\">http:\/\/www.instagram.com\/lulyetjon_shooting<\/span><\/a><\/li><\/ul>\n\n<p class=\"is-layout-flex wp-block-social-links-is-layout-flex\">\u00a0<\/p>\n\t\t\t\t\t\t\t\t<\/div>\n\t\t\t\t\t<\/div>\n\t\t\t\t<\/div>\n\t\t\t\t<\/div>\n\t\t","protected":false},"excerpt":{"rendered":"<p>Shooting boudoir, kinky et bdsm<\/p>\n","protected":false},"author":1,"featured_media":0,"parent":0,"menu_order":0,"comment_status":"closed","ping_status":"closed","template":"template-homepage.php","meta":{"footnotes":""},"class_list":["post-51","page","type-page","status-publish","hentry"],"_links":{"self":[{"href":"https:\/\/lulyetjonshooting.com\/index.php\/wp-json\/wp\/v2\/pages\/51","targetHints":{"allow":["GET"]}}],"collection":[{"href":"https:\/\/lulyetjonshooting.com\/index.php\/wp-json\/wp\/v2\/pages"}],"about":[{"href":"https:\/\/lulyetjonshooting.com\/index.php\/wp-json\/wp\/v2\/types\/page"}],"author":[{"embeddable":true,"href":"https:\/\/lulyetjonshooting.com\/index.php\/wp-json\/wp\/v2\/users\/1"}],"replies":[{"embeddable":true,"href":"https:\/\/lulyetjonshooting.com\/index.php\/wp-json\/wp\/v2\/comments?post=51"}],"version-history":[{"count":36,"href":"https:\/\/lulyetjonshooting.com\/index.php\/wp-json\/wp\/v2\/pages\/51\/revisions"}],"predecessor-version":[{"id":468,"href":"https:\/\/lulyetjonshooting.com\/index.php\/wp-json\/wp\/v2\/pages\/51\/revisions\/468"}],"wp:attachment":[{"href":"https:\/\/lulyetjonshooting.com\/index.php\/wp-json\/wp\/v2\/media?parent=51"}],"curies":[{"name":"wp","href":"https:\/\/api.w.org\/{rel}","templated":true}]}}