{"id":454,"date":"2025-10-30T13:49:41","date_gmt":"2025-10-30T12:49:41","guid":{"rendered":"https:\/\/lulyetjonshooting.com\/?page_id=454"},"modified":"2025-10-31T18:28:02","modified_gmt":"2025-10-31T17:28:02","slug":"notre-studio-donjon","status":"publish","type":"page","link":"https:\/\/lulyetjonshooting.com\/index.php\/notre-studio-donjon\/","title":{"rendered":"Notre studio\/donjon"},"content":{"rendered":"\t\t<div data-elementor-type=\"wp-page\" data-elementor-id=\"454\" class=\"elementor elementor-454\">\n\t\t\t\t<div class=\"elementor-element elementor-element-795c84de e-flex e-con-boxed e-con e-parent\" data-id=\"795c84de\" data-element_type=\"container\">\n\t\t\t\t\t<div class=\"e-con-inner\">\n\t\t\t\t<div class=\"elementor-element elementor-element-181750ff elementor-widget elementor-widget-text-editor\" data-id=\"181750ff\" data-element_type=\"widget\" data-widget_type=\"text-editor.default\">\n\t\t\t\t\t\t\t\t\t<h5 class=\"wp-block-heading\">Notre studio est aussi notre donjon environ 70 m2, situ\u00e9 \u00e0 1h de Namur ou de Luxembourg&nbsp;<\/h5>\n<h5 class=\"wp-block-heading\">et \u00e0 45 minutes d&rsquo;Arlon, Charleville et Givet, il chauff\u00e9 et \u00e9quip\u00e9, caf\u00e9, th\u00e9, et eau \u00e0 disposition.<\/h5>\n<p><!-- \/wp:heading --><!-- wp:list --><\/p>\n<ul class=\"wp-block-list\">\n<li style=\"list-style-type: none;\">\n<ul class=\"wp-block-list\"><!-- wp:list-item --><\/ul>\n<\/li>\n<\/ul>\n<ul class=\"wp-block-list\">\n<li style=\"list-style-type: none;\">\n<ul class=\"wp-block-list\">\n<li>point de suspension impact<\/li>\n<\/ul>\n<\/li>\n<\/ul>\n<p><!-- \/wp:list-item --><!-- wp:list-item --><\/p>\n<ul class=\"wp-block-list\">\n<li style=\"list-style-type: none;\">\n<ul class=\"wp-block-list\">\n<li>bambou shibari<\/li>\n<\/ul>\n<\/li>\n<\/ul>\n<p><!-- \/wp:list-item --><!-- wp:list-item --><\/p>\n<ul class=\"wp-block-list\">\n<li style=\"list-style-type: none;\">\n<ul class=\"wp-block-list\">\n<li>banc \u00e0 fess\u00e9e<\/li>\n<\/ul>\n<\/li>\n<\/ul>\n<p><!-- \/wp:list-item --><!-- wp:list-item --><\/p>\n<ul class=\"wp-block-list\">\n<li style=\"list-style-type: none;\">\n<ul class=\"wp-block-list\">\n<li>cage 190\u00d770 cm et table avec points d&rsquo;accroches<\/li>\n<li style=\"font-size: 13px;\">une armoire pour 1 ou 2 personnes avec tabouret \u00e0 capsules<\/li>\n<li>waxplay\/cbt\/pinces<\/li><\/ul><\/li><\/ul>\n<p><!-- \/wp:list-item --><\/p>\n<p><!-- \/wp:list --><!-- wp:heading {\"level\":5} --><\/p>\n<h5 class=\"wp-block-heading\">Il est en location \u00e0 la demi-journ\u00e9e ou week-end avec possibilit\u00e9s de r\u00e9server des chambres<\/h5>\n<p><!-- \/wp:heading --><!-- wp:heading {\"level\":5} --><\/p>\n<h5 class=\"wp-block-heading\">Envoyez nous une message pour plus d\u2019informations. Nous sommes sur <a href=\"https:\/\/fetlife.com\/Donjon_dlPrairie\"><u><b>fetlife<\/b><\/u><\/a><\/h5>\n<p><!-- \/wp:heading --><!-- wp:gallery {\"linkTo\":\"none\"} --><\/p>\n<figure class=\"wp-block-gallery has-nested-images columns-default is-cropped\"><!-- wp:image {\"id\":455,\"sizeSlug\":\"large\",\"linkDestination\":\"none\"} --><p><\/p>\n<figure class=\"wp-block-image size-large\"><\/figure>\n<p><!-- \/wp:image --><!-- wp:image {\"id\":456,\"sizeSlug\":\"large\",\"linkDestination\":\"none\"} --><\/p>\n<figure class=\"wp-block-image size-large\"><\/figure>\n<p><!-- \/wp:image --><!-- wp:image {\"id\":458,\"sizeSlug\":\"large\",\"linkDestination\":\"none\"} --><\/p>\n<figure class=\"wp-block-image size-large\"><\/figure>\n<p><!-- \/wp:image --><!-- wp:image {\"id\":457,\"sizeSlug\":\"large\",\"linkDestination\":\"none\"} --><\/p>\n<p><!-- \/wp:image --><\/p>\n<\/figure>\n<p><!-- \/wp:gallery --><\/p>\t\t\t\t\t\t\t\t<\/div>\n\t\t\t\t\t<\/div>\n\t\t\t\t<\/div>\n\t\t<div class=\"elementor-element elementor-element-05c6614 e-grid e-con-boxed e-con e-parent\" data-id=\"05c6614\" data-element_type=\"container\">\n\t\t\t\t\t<div class=\"e-con-inner\">\n\t\t\t\t<div class=\"elementor-element elementor-element-3efcdb9 elementor-widget elementor-widget-image\" data-id=\"3efcdb9\" data-element_type=\"widget\" data-widget_type=\"image.default\">\n\t\t\t\t\t\t\t\t\t\t\t\t<figure class=\"wp-caption\">\n\t\t\t\t\t\t\t\t\t\t<img fetchpriority=\"high\" decoding=\"async\" width=\"1024\" height=\"577\" src=\"https:\/\/lulyetjonshooting.com\/wp-content\/uploads\/2025\/10\/IMG_4827-1024x577.jpg\" class=\"attachment-large size-large wp-image-458\" alt=\"\" srcset=\"https:\/\/lulyetjonshooting.com\/wp-content\/uploads\/2025\/10\/IMG_4827-1024x577.jpg 1024w, https:\/\/lulyetjonshooting.com\/wp-content\/uploads\/2025\/10\/IMG_4827-300x169.jpg 300w, https:\/\/lulyetjonshooting.com\/wp-content\/uploads\/2025\/10\/IMG_4827-768x432.jpg 768w, https:\/\/lulyetjonshooting.com\/wp-content\/uploads\/2025\/10\/IMG_4827-1536x865.jpg 1536w, https:\/\/lulyetjonshooting.com\/wp-content\/uploads\/2025\/10\/IMG_4827-400x225.jpg 400w, https:\/\/lulyetjonshooting.com\/wp-content\/uploads\/2025\/10\/IMG_4827-600x338.jpg 600w, https:\/\/lulyetjonshooting.com\/wp-content\/uploads\/2025\/10\/IMG_4827-1200x676.jpg 1200w, https:\/\/lulyetjonshooting.com\/wp-content\/uploads\/2025\/10\/IMG_4827-1920x1081.jpg 1920w, https:\/\/lulyetjonshooting.com\/wp-content\/uploads\/2025\/10\/IMG_4827.jpg 2000w\" sizes=\"(max-width: 1024px) 100vw, 1024px\" data-full-size=\"2000x1126\" \/>\t\t\t\t\t\t\t\t\t\t\t<figcaption class=\"widget-image-caption wp-caption-text\">Le donjon, avec son armoire pour accueillir 1 ou 2 personnes, bambou (tatami disponible) et un banc \u00e0 fess\u00e9e<\/figcaption>\n\t\t\t\t\t\t\t\t\t\t<\/figure>\n\t\t\t\t\t\t\t\t\t<\/div>\n\t\t\t\t<div class=\"elementor-element elementor-element-76a7561 elementor-widget elementor-widget-image\" data-id=\"76a7561\" data-element_type=\"widget\" data-widget_type=\"image.default\">\n\t\t\t\t\t\t\t\t\t\t\t\t<figure class=\"wp-caption\">\n\t\t\t\t\t\t\t\t\t\t<img decoding=\"async\" width=\"1024\" height=\"577\" src=\"https:\/\/lulyetjonshooting.com\/wp-content\/uploads\/2025\/10\/IMG_4824-1024x577.jpg\" class=\"attachment-large size-large wp-image-455\" alt=\"\" srcset=\"https:\/\/lulyetjonshooting.com\/wp-content\/uploads\/2025\/10\/IMG_4824-1024x577.jpg 1024w, https:\/\/lulyetjonshooting.com\/wp-content\/uploads\/2025\/10\/IMG_4824-300x169.jpg 300w, https:\/\/lulyetjonshooting.com\/wp-content\/uploads\/2025\/10\/IMG_4824-768x432.jpg 768w, https:\/\/lulyetjonshooting.com\/wp-content\/uploads\/2025\/10\/IMG_4824-1536x865.jpg 1536w, https:\/\/lulyetjonshooting.com\/wp-content\/uploads\/2025\/10\/IMG_4824-400x225.jpg 400w, https:\/\/lulyetjonshooting.com\/wp-content\/uploads\/2025\/10\/IMG_4824-600x338.jpg 600w, https:\/\/lulyetjonshooting.com\/wp-content\/uploads\/2025\/10\/IMG_4824-1200x676.jpg 1200w, https:\/\/lulyetjonshooting.com\/wp-content\/uploads\/2025\/10\/IMG_4824-1920x1081.jpg 1920w, https:\/\/lulyetjonshooting.com\/wp-content\/uploads\/2025\/10\/IMG_4824.jpg 2000w\" sizes=\"(max-width: 1024px) 100vw, 1024px\" data-full-size=\"2000x1126\" \/>\t\t\t\t\t\t\t\t\t\t\t<figcaption class=\"widget-image-caption wp-caption-text\">Le donjon, au fond le coin vestiaire et accessoires, le banc \u00e0 fess\u00e9e devant et le canap\u00e9 pour regarder ou se reposer.<\/figcaption>\n\t\t\t\t\t\t\t\t\t\t<\/figure>\n\t\t\t\t\t\t\t\t\t<\/div>\n\t\t\t\t<div class=\"elementor-element elementor-element-9781504 elementor-widget elementor-widget-image\" data-id=\"9781504\" data-element_type=\"widget\" data-widget_type=\"image.default\">\n\t\t\t\t\t\t\t\t\t\t\t\t<figure class=\"wp-caption\">\n\t\t\t\t\t\t\t\t\t\t<img decoding=\"async\" width=\"819\" height=\"1024\" src=\"https:\/\/lulyetjonshooting.com\/wp-content\/uploads\/2025\/10\/DSC0519-819x1024.jpg\" class=\"attachment-large size-large wp-image-484\" alt=\"\" srcset=\"https:\/\/lulyetjonshooting.com\/wp-content\/uploads\/2025\/10\/DSC0519-819x1024.jpg 819w, https:\/\/lulyetjonshooting.com\/wp-content\/uploads\/2025\/10\/DSC0519-240x300.jpg 240w, https:\/\/lulyetjonshooting.com\/wp-content\/uploads\/2025\/10\/DSC0519-768x960.jpg 768w, https:\/\/lulyetjonshooting.com\/wp-content\/uploads\/2025\/10\/DSC0519-1229x1536.jpg 1229w, https:\/\/lulyetjonshooting.com\/wp-content\/uploads\/2025\/10\/DSC0519-1638x2048.jpg 1638w, https:\/\/lulyetjonshooting.com\/wp-content\/uploads\/2025\/10\/DSC0519-400x500.jpg 400w, https:\/\/lulyetjonshooting.com\/wp-content\/uploads\/2025\/10\/DSC0519-600x750.jpg 600w, https:\/\/lulyetjonshooting.com\/wp-content\/uploads\/2025\/10\/DSC0519-1200x1500.jpg 1200w, https:\/\/lulyetjonshooting.com\/wp-content\/uploads\/2025\/10\/DSC0519.jpg 1920w\" sizes=\"(max-width: 819px) 100vw, 819px\" data-full-size=\"1920x2400\" \/>\t\t\t\t\t\t\t\t\t\t\t<figcaption class=\"widget-image-caption wp-caption-text\">Notre cage et table d'attache, 190x70 cm, 18 points d'accroches pour wax, needleplay ou tout ce que vous voulez.<\/figcaption>\n\t\t\t\t\t\t\t\t\t\t<\/figure>\n\t\t\t\t\t\t\t\t\t<\/div>\n\t\t\t\t<div class=\"elementor-element elementor-element-a4f2b26 elementor-widget elementor-widget-image\" data-id=\"a4f2b26\" data-element_type=\"widget\" data-widget_type=\"image.default\">\n\t\t\t\t\t\t\t\t\t\t\t\t<figure class=\"wp-caption\">\n\t\t\t\t\t\t\t\t\t\t<img loading=\"lazy\" decoding=\"async\" width=\"819\" height=\"1024\" src=\"https:\/\/lulyetjonshooting.com\/wp-content\/uploads\/2025\/10\/IMG_5400donjonvert-819x1024.jpg\" class=\"attachment-large size-large wp-image-485\" alt=\"\" srcset=\"https:\/\/lulyetjonshooting.com\/wp-content\/uploads\/2025\/10\/IMG_5400donjonvert-819x1024.jpg 819w, https:\/\/lulyetjonshooting.com\/wp-content\/uploads\/2025\/10\/IMG_5400donjonvert-240x300.jpg 240w, https:\/\/lulyetjonshooting.com\/wp-content\/uploads\/2025\/10\/IMG_5400donjonvert-768x960.jpg 768w, https:\/\/lulyetjonshooting.com\/wp-content\/uploads\/2025\/10\/IMG_5400donjonvert-1229x1536.jpg 1229w, https:\/\/lulyetjonshooting.com\/wp-content\/uploads\/2025\/10\/IMG_5400donjonvert-400x500.jpg 400w, https:\/\/lulyetjonshooting.com\/wp-content\/uploads\/2025\/10\/IMG_5400donjonvert-600x750.jpg 600w, https:\/\/lulyetjonshooting.com\/wp-content\/uploads\/2025\/10\/IMG_5400donjonvert-1200x1500.jpg 1200w, https:\/\/lulyetjonshooting.com\/wp-content\/uploads\/2025\/10\/IMG_5400donjonvert.jpg 1440w\" sizes=\"(max-width: 819px) 100vw, 819px\" data-full-size=\"1440x1800\" \/>\t\t\t\t\t\t\t\t\t\t\t<figcaption class=\"widget-image-caption wp-caption-text\">Le donjon en mode shibari, bambou de 2 m et deux tatamis<\/figcaption>\n\t\t\t\t\t\t\t\t\t\t<\/figure>\n\t\t\t\t\t\t\t\t\t<\/div>\n\t\t\t\t\t<\/div>\n\t\t\t\t<\/div>\n\t\t\t\t<\/div>\n\t\t","protected":false},"excerpt":{"rendered":"<p>Notre studio est aussi notre donjon environ 70 m2, situ\u00e9 \u00e0 1h de Namur ou de Luxembourg&nbsp; et \u00e0 45 minutes d&rsquo;Arlon, Charleville et Givet, il chauff\u00e9 et \u00e9quip\u00e9, caf\u00e9, th\u00e9, et eau \u00e0 disposition. point de suspension impact bambou shibari banc \u00e0 fess\u00e9e cage 190\u00d770 cm et table avec points d&rsquo;accroches une armoire pour [&hellip;]<\/p>\n","protected":false},"author":1,"featured_media":0,"parent":0,"menu_order":0,"comment_status":"closed","ping_status":"closed","template":"","meta":{"footnotes":""},"class_list":["post-454","page","type-page","status-publish","hentry"],"_links":{"self":[{"href":"https:\/\/lulyetjonshooting.com\/index.php\/wp-json\/wp\/v2\/pages\/454","targetHints":{"allow":["GET"]}}],"collection":[{"href":"https:\/\/lulyetjonshooting.com\/index.php\/wp-json\/wp\/v2\/pages"}],"about":[{"href":"https:\/\/lulyetjonshooting.com\/index.php\/wp-json\/wp\/v2\/types\/page"}],"author":[{"embeddable":true,"href":"https:\/\/lulyetjonshooting.com\/index.php\/wp-json\/wp\/v2\/users\/1"}],"replies":[{"embeddable":true,"href":"https:\/\/lulyetjonshooting.com\/index.php\/wp-json\/wp\/v2\/comments?post=454"}],"version-history":[{"count":17,"href":"https:\/\/lulyetjonshooting.com\/index.php\/wp-json\/wp\/v2\/pages\/454\/revisions"}],"predecessor-version":[{"id":491,"href":"https:\/\/lulyetjonshooting.com\/index.php\/wp-json\/wp\/v2\/pages\/454\/revisions\/491"}],"wp:attachment":[{"href":"https:\/\/lulyetjonshooting.com\/index.php\/wp-json\/wp\/v2\/media?parent=454"}],"curies":[{"name":"wp","href":"https:\/\/api.w.org\/{rel}","templated":true}]}}